{"id":14,"date":"2012-11-19T22:07:11","date_gmt":"2012-11-19T22:07:11","guid":{"rendered":"http:\/\/halsa-livskvalitet.se\/?page_id=14"},"modified":"2020-10-01T21:02:27","modified_gmt":"2020-10-01T20:02:27","slug":"valkommen-till-halsa-livskvalitet","status":"publish","type":"page","link":"https:\/\/halsa-livskvalitet.se\/","title":{"rendered":"V\u00e4lkommen till H\u00e4lsa &#038; livskvalitet"},"content":{"rendered":"<p style=\"padding-left: 30px; text-align: center;\">\u2665 \u2665 \u2665<\/p>\n<p style=\"text-align: left;\">Jag heter Susanne Gyllander och bor i \u00d6stersund, J\u00e4mtland, men arbetar runtom i Sverige.&nbsp;<img loading=\"lazy\" decoding=\"async\" class=\"wp-image-208 alignright\" src=\"https:\/\/halsa-livskvalitet.se\/wp-content\/uploads\/2012\/11\/Sus-Sicilien.jpg\" alt=\"Sus - Sicilien\" width=\"142\" height=\"165\" srcset=\"https:\/\/halsa-livskvalitet.se\/wp-content\/uploads\/2012\/11\/Sus-Sicilien.jpg 829w, https:\/\/halsa-livskvalitet.se\/wp-content\/uploads\/2012\/11\/Sus-Sicilien-258x300.jpg 258w, https:\/\/halsa-livskvalitet.se\/wp-content\/uploads\/2012\/11\/Sus-Sicilien-768x894.jpg 768w, https:\/\/halsa-livskvalitet.se\/wp-content\/uploads\/2012\/11\/Sus-Sicilien-777x904.jpg 777w\" sizes=\"auto, (max-width: 142px) 100vw, 142px\" \/><\/p>\n<p style=\"text-align: left;\">Som din h\u00e4lsoinspirat\u00f6r vill jag ge dig m\u00f6jlighet till att f\u00f6rb\u00e4ttra din h\u00e4lsa p\u00e5 alla plan och till att n\u00e5 personlig utveckling som leder dig fram\u00e5t i livet.<\/p>\n<p style=\"text-align: left;\">Jag jobbar med olika former av behandlingar, program och n\u00e4ringskomplement som hj\u00e4lper kroppen att balanseras och ger dig m\u00f6jlighet till att leva det liv du vill fullt ut.<\/p>\n<p>Jag erbjuder \u00e4ven danstr\u00e4ningar- och kurser, fr\u00e4mst bugg och foxtrot, till f\u00f6retag, dansf\u00f6reningar samt ger privatlektioner till individ eller par.<\/p>\n<p style=\"padding-left: 30px; text-align: center;\">\u2665 \u2665 \u2665<\/p>\n<p style=\"text-align: left;\"><strong>St\u00e4ll dig dessa fr\u00e5gor:<br \/>\n<\/strong>Vill du sova b\u00e4ttre?<br \/>\n<span style=\"line-height: 1.6em;\">Vill du \u00f6ka din energi?<br \/>\n<\/span><span style=\"line-height: 1.6em;\">Vill du f\u00f6rb\u00e4ttra ditt immunf\u00f6rsvar?<br \/>\n<\/span><span style=\"line-height: 1.6em;\">Vill du f\u00e5 en b\u00e4ttre fungerande mage?<br \/>\n<\/span><span style=\"line-height: 1.6em;\">Vill du komma tillr\u00e4tta med din vikt, oavsett om du \u00e4r stor eller liten?<br \/>\n<\/span><\/p>\n<p style=\"text-align: left;\">Vill du \u00f6ka din sj\u00e4lvl\u00e4kande f\u00f6rm\u00e5ga, minska svullnader och\/eller sm\u00e4rttillst\u00e5nd?<br \/>\nVill du lossa olika sp\u00e4nningar, muskul\u00e4rt och\/eller emotionellt f\u00f6r att kunna g\u00e5 vidare och m\u00e5 b\u00e4ttre?<\/p>\n<p style=\"text-align: left;\">Svarar du ja p\u00e5 n\u00e5gon eller n\u00e5gra av dessa s\u00e5 \u00e4r du v\u00e4lkommen att h\u00f6ra av dig till mig samt l\u00e4sa vidare p\u00e5 hemsidan.<\/p>\n<p style=\"text-align: left;\">Varmt V\u00e4lkommen!<br \/>\nSusanne<\/p>\n","protected":false},"excerpt":{"rendered":"<p>\u2665 \u2665 \u2665 Jag heter Susanne Gyllander och bor i \u00d6stersund, J\u00e4mtland, men arbetar runtom i Sverige.&nbsp; Som din h\u00e4lsoinspirat\u00f6r vill jag ge dig m\u00f6jlighet till att f\u00f6rb\u00e4ttra din h\u00e4lsa p\u00e5 alla plan och till att n\u00e5 personlig utveckling som leder dig fram\u00e5t i livet. Jag jobbar med olika former av behandlingar, program och n\u00e4ringskomplement [&hellip;]<\/p>\n","protected":false},"author":1,"featured_media":0,"parent":0,"menu_order":0,"comment_status":"closed","ping_status":"open","template":"","meta":{"footnotes":""},"class_list":["post-14","page","type-page","status-publish","hentry","content-columns-1"],"_links":{"self":[{"href":"https:\/\/halsa-livskvalitet.se\/index.php?rest_route=\/wp\/v2\/pages\/14","targetHints":{"allow":["GET"]}}],"collection":[{"href":"https:\/\/halsa-livskvalitet.se\/index.php?rest_route=\/wp\/v2\/pages"}],"about":[{"href":"https:\/\/halsa-livskvalitet.se\/index.php?rest_route=\/wp\/v2\/types\/page"}],"author":[{"embeddable":true,"href":"https:\/\/halsa-livskvalitet.se\/index.php?rest_route=\/wp\/v2\/users\/1"}],"replies":[{"embeddable":true,"href":"https:\/\/halsa-livskvalitet.se\/index.php?rest_route=%2Fwp%2Fv2%2Fcomments&post=14"}],"version-history":[{"count":42,"href":"https:\/\/halsa-livskvalitet.se\/index.php?rest_route=\/wp\/v2\/pages\/14\/revisions"}],"predecessor-version":[{"id":298,"href":"https:\/\/halsa-livskvalitet.se\/index.php?rest_route=\/wp\/v2\/pages\/14\/revisions\/298"}],"wp:attachment":[{"href":"https:\/\/halsa-livskvalitet.se\/index.php?rest_route=%2Fwp%2Fv2%2Fmedia&parent=14"}],"curies":[{"name":"wp","href":"https:\/\/api.w.org\/{rel}","templated":true}]}}