{"id":255,"date":"2017-02-28T22:45:41","date_gmt":"2017-02-28T21:45:41","guid":{"rendered":"http:\/\/halsa-livskvalitet.se\/?page_id=255"},"modified":"2020-02-20T21:33:47","modified_gmt":"2020-02-20T20:33:47","slug":"dans","status":"publish","type":"page","link":"https:\/\/halsa-livskvalitet.se\/?page_id=255","title":{"rendered":"Dans"},"content":{"rendered":"<p>Jag har varit dansledare\/tr\u00e4nare i \u00f6ver 30 \u00e5r i olika dansf\u00f6reningar inom Danssportf\u00f6rbundet och \u00e4ven assisterat m\u00e5nga kursledarutbildningar.<\/p>\n<p>Jag erbjuder danskurser och -tr\u00e4ningar till f\u00f6retag, skolor och f\u00f6reningar i framf\u00f6rallt bugg och foxtrot. Jag ger \u00e4ven lektioner privat eller i par om s\u00e5 \u00f6nskas.<\/p>\n<p>Jag \u00e4r \u00e4ven utbildad frig\u00f6rande danspedagog.<\/p>\n<p>V\u00e4lkommen att h\u00f6ra av dig f\u00f6r att boka!<\/p>\n","protected":false},"excerpt":{"rendered":"<p>Jag har varit dansledare\/tr\u00e4nare i \u00f6ver 30 \u00e5r i olika dansf\u00f6reningar inom Danssportf\u00f6rbundet och \u00e4ven assisterat m\u00e5nga kursledarutbildningar. Jag erbjuder danskurser och -tr\u00e4ningar till f\u00f6retag, skolor och f\u00f6reningar i framf\u00f6rallt bugg och foxtrot. Jag ger \u00e4ven lektioner privat eller i par om s\u00e5 \u00f6nskas. Jag \u00e4r \u00e4ven utbildad frig\u00f6rande danspedagog. V\u00e4lkommen att h\u00f6ra av dig [&hellip;]<\/p>\n","protected":false},"author":1,"featured_media":0,"parent":0,"menu_order":0,"comment_status":"closed","ping_status":"closed","template":"","meta":{"footnotes":""},"class_list":["post-255","page","type-page","status-publish","hentry","content-columns-1"],"_links":{"self":[{"href":"https:\/\/halsa-livskvalitet.se\/index.php?rest_route=\/wp\/v2\/pages\/255","targetHints":{"allow":["GET"]}}],"collection":[{"href":"https:\/\/halsa-livskvalitet.se\/index.php?rest_route=\/wp\/v2\/pages"}],"about":[{"href":"https:\/\/halsa-livskvalitet.se\/index.php?rest_route=\/wp\/v2\/types\/page"}],"author":[{"embeddable":true,"href":"https:\/\/halsa-livskvalitet.se\/index.php?rest_route=\/wp\/v2\/users\/1"}],"replies":[{"embeddable":true,"href":"https:\/\/halsa-livskvalitet.se\/index.php?rest_route=%2Fwp%2Fv2%2Fcomments&post=255"}],"version-history":[{"count":7,"href":"https:\/\/halsa-livskvalitet.se\/index.php?rest_route=\/wp\/v2\/pages\/255\/revisions"}],"predecessor-version":[{"id":289,"href":"https:\/\/halsa-livskvalitet.se\/index.php?rest_route=\/wp\/v2\/pages\/255\/revisions\/289"}],"wp:attachment":[{"href":"https:\/\/halsa-livskvalitet.se\/index.php?rest_route=%2Fwp%2Fv2%2Fmedia&parent=255"}],"curies":[{"name":"wp","href":"https:\/\/api.w.org\/{rel}","templated":true}]}}