{"id":27,"date":"2012-11-19T22:14:06","date_gmt":"2012-11-19T22:14:06","guid":{"rendered":"http:\/\/halsa-livskvalitet.se\/?page_id=27"},"modified":"2020-10-01T20:45:14","modified_gmt":"2020-10-01T19:45:14","slug":"realease-metoden","status":"publish","type":"page","link":"https:\/\/halsa-livskvalitet.se\/?page_id=27","title":{"rendered":"RealEase\u00ae metoden"},"content":{"rendered":"<p>En helhetsmetodik som kan st\u00e4rka din f\u00f6rm\u00e5ga till l\u00e4kning och utveckling.<a href=\"https:\/\/halsa-livskvalitet.se\/wp-content\/uploads\/2012\/11\/doveRelease.jpg\"><img loading=\"lazy\" decoding=\"async\" class=\"size-full wp-image-105 alignright\" title=\"doveRelease\" src=\"https:\/\/halsa-livskvalitet.se\/wp-content\/uploads\/2012\/11\/doveRelease.jpg\" alt=\"\" width=\"300\" height=\"200\" \/><\/a><br \/>\nRealEase<sup>\u00ae <\/sup>bygger p\u00e5 gammal kunskap och ny forskning i en harmonisk helhet.<\/p>\n<p><strong>BEHANDLING &#8211; KONSULTATION<br \/>\n<\/strong>RealEase<sup>\u00ae <\/sup>metoden \u00e4r en djupg\u00e5ende, holistisk kombination av ink\u00e4nnande, mjuk kropps-behandling (utanp\u00e5 kl\u00e4derna) samt utvecklande samtal\/livscoachning. En konsultation \u00e4r skr\u00e4ddarsydd f\u00f6r dina behov och erbjuder inspiration, st\u00f6d och l\u00e4kning f\u00f6r s\u00e5v\u00e4l kropp som sj\u00e4l.<\/p>\n<p><strong>Kroppsbehandlingen<\/strong><br \/>\nV\u00e5r kropp lagrar v\u00e5r historia; k\u00e4nslor och minnen, s\u00e5v\u00e4l de lyckliga stunderna som de mer sm\u00e4rtsamma eller sorgsna. Ibland kan dessa skapa sp\u00e4nningar, sm\u00e4rta, brist p\u00e5 gl\u00e4dje eller sj\u00e4lvk\u00e4nsla och hindra din upplevelse av gl\u00e4dje, frihet och m\u00f6jligheter i livet. Denna lyh\u00f6rda behandlingsmetod hj\u00e4lper kroppen att sl\u00e4ppa taget om det som hindrar och \u00e5terf\u00e5r mer av ursprungliga h\u00e4lsa, balans och r\u00f6rlighet.<\/p>\n<p><strong>Utvecklande samtal &#8211; Tankens kraft<\/strong><br \/>\nMed hj\u00e4lp av samtalet kan du f\u00f6rst\u00e5 din livssituation, m\u00f6jligheter eller eventuella problem p\u00e5 ett nytt s\u00e4tt, f\u00f6rb\u00e4ttra relationer, finna inre resurser samt f\u00e5 hj\u00e4lp inf\u00f6r en livsf\u00f6r\u00e4ndring. Du f\u00e5r redskap att p\u00e5verka ditt liv p\u00e5 djupet genom den verksamma kraften i dina tankar.<\/p>\n<p><strong>HUR G\u00c5R EN BEHANDLING &#8211; KONSULTATION TILL?<\/strong><br \/>\nDu ber\u00e4ttar vad du vill ha hj\u00e4lp med och efter ett inledande samtal f\u00f6r att identifiera hur problemet p\u00e5verkar dig, hur det visar sig i din kropp, n\u00e4r det kan ha uppkommit och varf\u00f6r &#8211; finner vi den positiva m\u00e5ls\u00e4ttningen f\u00f6r behandlingen. Efter samtalet f\u00f6ljer oftast en kroppsbehandling som b\u00f6rjar med att du f\u00e5r ta en kort promenad \u00f6ver golvet och vi noterar eventuella obalanser och blockeringar samt hur v\u00e4l r\u00f6relse och energi fl\u00f6dar genom din kropp.<\/p>\n<p>D\u00e4refter l\u00e4gger du dig p\u00e5 en behandlingsb\u00e4nk (med kl\u00e4derna p\u00e5) och terapeuten arbetar med en mjuk, respektfull ber\u00f6ringsteknik f\u00f6r att hj\u00e4lpa dig sl\u00e4ppa det som hindrar dig eller h\u00e5ller dig tillbaka.<\/p>\n<p>Behandlingen \u00e4r l\u00e4tt men djupg\u00e5ende och kan ge resultat fysiskt, emotionellt, mentalt och andligt d\u00e5 alla aspekter av oss \u00e4r delar av en helhet och kommunicerar med varandra. Efter behandlingen f\u00e5r du g\u00e5 lite igen f\u00f6r att bli medveten om de f\u00f6r\u00e4ndringar som skett. En session tar 1-1,5 timme.<\/p>\n<p><strong>VAR KOMMER RealEase<sup>\u00ae <\/sup>METODEN IFR\u00c5N?<\/strong><br \/>\nMetoden grundades av Sati Eva Lagnerfeldt, som varit verksam inom Sverige och utomlands som terapeut och l\u00e4rare inom komplement\u00e4rmedicin, holistisk h\u00e4lsa samt personlig och andlig utveckling \u00f6ver 40 \u00e5r. Genom <em>Sati Seminars <\/em>har hon utbildat terapeuter, gett sessioner och h\u00e5llit f\u00f6redrag i flera st\u00e4der f\u00f6r att\u00a0 inspirera till ett medvetet, rikt och kreativt liv i samklang med sin innersta natur.<\/p>\n<p>Ovanst\u00e5ende text \u00e4r h\u00e4mtat ur RealEase<sup>\u00ae<\/sup> skolans utbildningmaterial med till\u00e5telse.<\/p>\n<p style=\"text-align: center;\">\n","protected":false},"excerpt":{"rendered":"<p>En helhetsmetodik som kan st\u00e4rka din f\u00f6rm\u00e5ga till l\u00e4kning och utveckling. RealEase\u00ae bygger p\u00e5 gammal kunskap och ny forskning i en harmonisk helhet. BEHANDLING &#8211; KONSULTATION RealEase\u00ae metoden \u00e4r en djupg\u00e5ende, holistisk kombination av ink\u00e4nnande, mjuk kropps-behandling (utanp\u00e5 kl\u00e4derna) samt utvecklande samtal\/livscoachning. En konsultation \u00e4r skr\u00e4ddarsydd f\u00f6r dina behov och erbjuder inspiration, st\u00f6d och l\u00e4kning [&hellip;]<\/p>\n","protected":false},"author":1,"featured_media":0,"parent":0,"menu_order":0,"comment_status":"closed","ping_status":"open","template":"","meta":{"footnotes":""},"class_list":["post-27","page","type-page","status-publish","hentry","content-columns-1"],"_links":{"self":[{"href":"https:\/\/halsa-livskvalitet.se\/index.php?rest_route=\/wp\/v2\/pages\/27","targetHints":{"allow":["GET"]}}],"collection":[{"href":"https:\/\/halsa-livskvalitet.se\/index.php?rest_route=\/wp\/v2\/pages"}],"about":[{"href":"https:\/\/halsa-livskvalitet.se\/index.php?rest_route=\/wp\/v2\/types\/page"}],"author":[{"embeddable":true,"href":"https:\/\/halsa-livskvalitet.se\/index.php?rest_route=\/wp\/v2\/users\/1"}],"replies":[{"embeddable":true,"href":"https:\/\/halsa-livskvalitet.se\/index.php?rest_route=%2Fwp%2Fv2%2Fcomments&post=27"}],"version-history":[{"count":17,"href":"https:\/\/halsa-livskvalitet.se\/index.php?rest_route=\/wp\/v2\/pages\/27\/revisions"}],"predecessor-version":[{"id":295,"href":"https:\/\/halsa-livskvalitet.se\/index.php?rest_route=\/wp\/v2\/pages\/27\/revisions\/295"}],"wp:attachment":[{"href":"https:\/\/halsa-livskvalitet.se\/index.php?rest_route=%2Fwp%2Fv2%2Fmedia&parent=27"}],"curies":[{"name":"wp","href":"https:\/\/api.w.org\/{rel}","templated":true}]}}