{"id":31,"date":"2012-11-19T22:15:30","date_gmt":"2012-11-19T22:15:30","guid":{"rendered":"http:\/\/halsa-livskvalitet.se\/?page_id=31"},"modified":"2020-10-20T22:13:36","modified_gmt":"2020-10-20T21:13:36","slug":"kontakt","status":"publish","type":"page","link":"https:\/\/halsa-livskvalitet.se\/?page_id=31","title":{"rendered":"Kontakt"},"content":{"rendered":"<p style=\"text-align: center;\">H\u00c4LSA &amp; LIVSKVALITET<br \/>\nsusanne gyllander<\/p>\n<p style=\"text-align: center;\"><strong>Bes\u00f6ksadress<\/strong><br \/>\nH\u00e4lsoteamet<br \/>\nR\u00e5dhusgatan 61<br \/>\n\u00d6stersund<\/p>\n<p style=\"text-align: center;\"><strong>Postadress<\/strong><br \/>\nKopparslagargr\u00e4nd 19<br \/>\n831 51 \u00d6sterund<\/p>\n<p style=\"text-align: center;\"><strong>Mobil: <\/strong>070-311 65 13<br \/>\n<strong>E-post: <\/strong>info@halsa-livskvalitet.se<\/p>\n<p style=\"text-align: center;\">\n","protected":false},"excerpt":{"rendered":"<p>H\u00c4LSA &amp; LIVSKVALITET susanne gyllander Bes\u00f6ksadress H\u00e4lsoteamet R\u00e5dhusgatan 61 \u00d6stersund Postadress Kopparslagargr\u00e4nd 19 831 51 \u00d6sterund Mobil: 070-311 65 13 E-post: info@halsa-livskvalitet.se<\/p>\n","protected":false},"author":1,"featured_media":0,"parent":0,"menu_order":0,"comment_status":"closed","ping_status":"open","template":"","meta":{"footnotes":""},"class_list":["post-31","page","type-page","status-publish","hentry","content-columns-1"],"_links":{"self":[{"href":"https:\/\/halsa-livskvalitet.se\/index.php?rest_route=\/wp\/v2\/pages\/31","targetHints":{"allow":["GET"]}}],"collection":[{"href":"https:\/\/halsa-livskvalitet.se\/index.php?rest_route=\/wp\/v2\/pages"}],"about":[{"href":"https:\/\/halsa-livskvalitet.se\/index.php?rest_route=\/wp\/v2\/types\/page"}],"author":[{"embeddable":true,"href":"https:\/\/halsa-livskvalitet.se\/index.php?rest_route=\/wp\/v2\/users\/1"}],"replies":[{"embeddable":true,"href":"https:\/\/halsa-livskvalitet.se\/index.php?rest_route=%2Fwp%2Fv2%2Fcomments&post=31"}],"version-history":[{"count":9,"href":"https:\/\/halsa-livskvalitet.se\/index.php?rest_route=\/wp\/v2\/pages\/31\/revisions"}],"predecessor-version":[{"id":301,"href":"https:\/\/halsa-livskvalitet.se\/index.php?rest_route=\/wp\/v2\/pages\/31\/revisions\/301"}],"wp:attachment":[{"href":"https:\/\/halsa-livskvalitet.se\/index.php?rest_route=%2Fwp%2Fv2%2Fmedia&parent=31"}],"curies":[{"name":"wp","href":"https:\/\/api.w.org\/{rel}","templated":true}]}}