{"id":35,"date":"2012-11-19T22:17:04","date_gmt":"2012-11-19T22:17:04","guid":{"rendered":"http:\/\/halsa-livskvalitet.se\/?page_id=35"},"modified":"2020-02-20T21:45:16","modified_gmt":"2020-02-20T20:45:16","slug":"om-foretaget","status":"publish","type":"page","link":"https:\/\/halsa-livskvalitet.se\/?page_id=35","title":{"rendered":"Om Mig"},"content":{"rendered":"<p>Sedan 1993 har jag arbetat som sjuksk\u00f6terska p\u00e5 olika orter i Sverige och Norge och inom olika omr\u00e5den. Under tiden s\u00e5 v\u00e4xte det fram en \u00f6nskan om att starta eget f\u00f6retag och 1997 startade jag min utbildning till Lymfterapeut &#8211; Manuellt Lymfdr\u00e4nage enligt Dr.Vodder och var klar 1998.<\/p>\n<p>I b\u00f6rjan av 2000-talet gick jag Reiki 1 + 2 vilket k\u00e4ndes som ytterligare ett bra komplement men som jag idag inte arbetar med som egen behandling.<\/p>\n<p>Under 2004 sattes kugghjulen i r\u00f6relse och i juni startade jag upp H\u00e4lsa &amp; livskvalitet i \u00d6stersund. Till en b\u00f6rjan erbj\u00f6d jag Manuellt Lymfdr\u00e4nage enligt Dr.Vodder och Reiki, samt danskurser och tr\u00e4ningar inom bugg och foxtrot.<\/p>\n<p>2005 flyttade jag till Hudiksvall och d\u00e4r jag \u00e5ret efter fick ett Avropsavtal med Landstinget f\u00f6r Lymfdr\u00e4nage behandlingar vilket innebar att jag fick ta emot patienter som beh\u00f6vde Lymfdr\u00e4nage p\u00e5 remiss och gjorde s\u00e5 tom 2008 d\u00e5 jag flyttade tillbaka till \u00d6stersund.<\/p>\n<p>Under 2007 utbildade jag mig till Frig\u00f6rande Danspedagog och under 2008 till RealEase\u00ae terapeut vilka b\u00e5da arbetar med att hj\u00e4lpa individen att sl\u00e4ppa taget om gamla blockeringar i kropp och sj\u00e4l som hindrar oss fr\u00e5n att leva v\u00e5ra liv till fullo.<\/p>\n<p>Idag kombinerar jag att arbeta som anst\u00e4lld sjuksk\u00f6terska i Region J\u00e4mtland-H\u00e4rjedalen och som enskild f\u00f6retagare vilket jag ser m\u00e5nga f\u00f6rdelar med.<\/p>\n<p>F\u00f6rutom behandlingar s\u00e5 erbjuder jag \u00e4ven f\u00f6reningar, f\u00f6retag och privatpersoner danskurser och -tr\u00e4ningar i framf\u00f6rallt bugg och foxtrot.<br \/>\nJag har varit dansledare\/tr\u00e4nare i \u00f6ver 30 \u00e5r i flera dansf\u00f6reningar i Danssportf\u00f6rbundet. Jag har \u00e4ven varit med och assisterat m\u00e5nga kursledarutbildningar.<\/p>\n<p>Hj\u00e4rtligt V\u00e4lkommen!<br \/>\nSusanne Gyllander<\/p>\n","protected":false},"excerpt":{"rendered":"<p>Sedan 1993 har jag arbetat som sjuksk\u00f6terska p\u00e5 olika orter i Sverige och Norge och inom olika omr\u00e5den. Under tiden s\u00e5 v\u00e4xte det fram en \u00f6nskan om att starta eget f\u00f6retag och 1997 startade jag min utbildning till Lymfterapeut &#8211; Manuellt Lymfdr\u00e4nage enligt Dr.Vodder och var klar 1998. I b\u00f6rjan av 2000-talet gick jag Reiki [&hellip;]<\/p>\n","protected":false},"author":1,"featured_media":0,"parent":0,"menu_order":0,"comment_status":"closed","ping_status":"open","template":"","meta":{"footnotes":""},"class_list":["post-35","page","type-page","status-publish","hentry","content-columns-1"],"_links":{"self":[{"href":"https:\/\/halsa-livskvalitet.se\/index.php?rest_route=\/wp\/v2\/pages\/35","targetHints":{"allow":["GET"]}}],"collection":[{"href":"https:\/\/halsa-livskvalitet.se\/index.php?rest_route=\/wp\/v2\/pages"}],"about":[{"href":"https:\/\/halsa-livskvalitet.se\/index.php?rest_route=\/wp\/v2\/types\/page"}],"author":[{"embeddable":true,"href":"https:\/\/halsa-livskvalitet.se\/index.php?rest_route=\/wp\/v2\/users\/1"}],"replies":[{"embeddable":true,"href":"https:\/\/halsa-livskvalitet.se\/index.php?rest_route=%2Fwp%2Fv2%2Fcomments&post=35"}],"version-history":[{"count":9,"href":"https:\/\/halsa-livskvalitet.se\/index.php?rest_route=\/wp\/v2\/pages\/35\/revisions"}],"predecessor-version":[{"id":291,"href":"https:\/\/halsa-livskvalitet.se\/index.php?rest_route=\/wp\/v2\/pages\/35\/revisions\/291"}],"wp:attachment":[{"href":"https:\/\/halsa-livskvalitet.se\/index.php?rest_route=%2Fwp%2Fv2%2Fmedia&parent=35"}],"curies":[{"name":"wp","href":"https:\/\/api.w.org\/{rel}","templated":true}]}}